{"id":1625,"date":"2022-04-07T16:54:07","date_gmt":"2022-04-07T19:54:07","guid":{"rendered":"https:\/\/alloggiarquitetos.com.br\/?page_id=1625"},"modified":"2022-04-07T17:53:13","modified_gmt":"2022-04-07T20:53:13","slug":"sala-higienopolis","status":"publish","type":"page","link":"https:\/\/alloggiarquitetos.com.br\/index.php\/sala-higienopolis\/","title":{"rendered":"SALA HIGIEN\u00d3POLIS"},"content":{"rendered":"\t\t<div data-elementor-type=\"wp-page\" data-elementor-id=\"1625\" class=\"elementor elementor-1625\">\n\t\t\t\t\t\t\t\t\t<section class=\"elementor-section elementor-top-section elementor-element elementor-element-38ad48f elementor-section-full_width elementor-section-height-default elementor-section-height-default\" data-id=\"38ad48f\" data-element_type=\"section\">\n\t\t\t\t\t\t<div class=\"elementor-container elementor-column-gap-default\">\n\t\t\t\t\t<div class=\"elementor-column elementor-col-33 elementor-top-column elementor-element elementor-element-6573256\" data-id=\"6573256\" data-element_type=\"column\">\n\t\t\t<div class=\"elementor-widget-wrap elementor-element-populated\">\n\t\t\t\t\t\t\t\t<div class=\"elementor-element elementor-element-7eefabe elementor-widget elementor-widget-heading\" data-id=\"7eefabe\" data-element_type=\"widget\" data-widget_type=\"heading.default\">\n\t\t\t\t<div class=\"elementor-widget-container\">\n\t\t\t<h2 class=\"elementor-heading-title elementor-size-default\">SALA HIGIEN\u00d3POLIS<\/h2>\t\t<\/div>\n\t\t\t\t<\/div>\n\t\t\t\t<div class=\"elementor-element elementor-element-4c0f6ca elementor-widget elementor-widget-text-editor\" data-id=\"4c0f6ca\" data-element_type=\"widget\" data-widget_type=\"text-editor.default\">\n\t\t\t\t<div class=\"elementor-widget-container\">\n\t\t\t\t\t\t\t<p><strong>LOCAL:<\/strong> Higien\u00f3polis, S\u00e3o Paulo<\/p>\n<p><strong>ANO:<\/strong> 2018<\/p>\n<p>Sala minimalista localizada no bairro de Higien\u00f3polis, S\u00e3o Paulo, em pr\u00e9dio tombado pelo patrim\u00f4nio hist\u00f3rico municipal por suas caracter\u00edsticas modernistas. Os propriet\u00e1rios solicitaram um projeto que respeitasse o pr\u00e9 existente, mas sem abrir m\u00e3o da eleg\u00e2ncia e conforto.<\/p>\t\t\t\t\t\t<\/div>\n\t\t\t\t<\/div>\n\t\t\t\t\t<\/div>\n\t\t<\/div>\n\t\t\t\t<div class=\"elementor-column elementor-col-66 elementor-top-column elementor-element elementor-element-ba27ada\" data-id=\"ba27ada\" data-element_type=\"column\">\n\t\t\t<div class=\"elementor-widget-wrap elementor-element-populated\">\n\t\t\t\t\t\t\t\t<div class=\"elementor-element elementor-element-d9d73e5 elementor-pagination-position-inside elementor-arrows-position-inside elementor-widget elementor-widget-image-carousel\" data-id=\"d9d73e5\" data-element_type=\"widget\" data-settings=\"{&quot;slides_to_show&quot;:&quot;1&quot;,&quot;navigation&quot;:&quot;both&quot;,&quot;autoplay&quot;:&quot;yes&quot;,&quot;pause_on_hover&quot;:&quot;yes&quot;,&quot;pause_on_interaction&quot;:&quot;yes&quot;,&quot;autoplay_speed&quot;:5000,&quot;infinite&quot;:&quot;yes&quot;,&quot;effect&quot;:&quot;slide&quot;,&quot;speed&quot;:500}\" data-widget_type=\"image-carousel.default\">\n\t\t\t\t<div class=\"elementor-widget-container\">\n\t\t\t\t\t<div class=\"elementor-image-carousel-wrapper swiper-container\" dir=\"ltr\">\n\t\t\t<div class=\"elementor-image-carousel swiper-wrapper\">\n\t\t\t\t\t\t\t\t<div class=\"swiper-slide\"><figure class=\"swiper-slide-inner\"><img class=\"swiper-slide-image\" src=\"https:\/\/alloggiarquitetos.com.br\/wp-content\/uploads\/2022\/04\/3_SALA_HIGIENOPOLIS.jpg\" alt=\"3_SALA_HIGIENOPOLIS\" \/><\/figure><\/div><div class=\"swiper-slide\"><figure class=\"swiper-slide-inner\"><img class=\"swiper-slide-image\" src=\"https:\/\/alloggiarquitetos.com.br\/wp-content\/uploads\/2022\/04\/1_SALA_HIGIENOPOLIS.jpg\" alt=\"1_SALA_HIGIENOPOLIS\" \/><\/figure><\/div><div class=\"swiper-slide\"><figure class=\"swiper-slide-inner\"><img class=\"swiper-slide-image\" src=\"https:\/\/alloggiarquitetos.com.br\/wp-content\/uploads\/2022\/04\/2_SALA_HIGIENOPOLIS.jpg\" alt=\"2_SALA_HIGIENOPOLIS\" \/><\/figure><\/div><div class=\"swiper-slide\"><figure class=\"swiper-slide-inner\"><img class=\"swiper-slide-image\" src=\"https:\/\/alloggiarquitetos.com.br\/wp-content\/uploads\/2022\/04\/4_SALA_HIGIENOPOLIS.jpg\" alt=\"4_SALA_HIGIENOPOLIS\" \/><\/figure><\/div><div class=\"swiper-slide\"><figure class=\"swiper-slide-inner\"><img class=\"swiper-slide-image\" src=\"https:\/\/alloggiarquitetos.com.br\/wp-content\/uploads\/2022\/04\/5_SALA_HIGIENOPOLIS.jpg\" alt=\"5_SALA_HIGIENOPOLIS\" \/><\/figure><\/div>\t\t\t<\/div>\n\t\t\t\t\t\t\t\t\t\t\t\t<div class=\"swiper-pagination\"><\/div>\n\t\t\t\t\t\t\t\t\t\t\t\t\t<div class=\"elementor-swiper-button elementor-swiper-button-prev\">\n\t\t\t\t\t\t<i aria-hidden=\"true\" class=\"eicon-chevron-left\"><\/i>\t\t\t\t\t\t<span class=\"elementor-screen-only\">Previous<\/span>\n\t\t\t\t\t<\/div>\n\t\t\t\t\t<div class=\"elementor-swiper-button elementor-swiper-button-next\">\n\t\t\t\t\t\t<i aria-hidden=\"true\" class=\"eicon-chevron-right\"><\/i>\t\t\t\t\t\t<span class=\"elementor-screen-only\">Next<\/span>\n\t\t\t\t\t<\/div>\n\t\t\t\t\t\t\t\t\t<\/div>\n\t\t\t\t<\/div>\n\t\t\t\t<\/div>\n\t\t\t\t\t<\/div>\n\t\t<\/div>\n\t\t\t\t\t\t\t<\/div>\n\t\t<\/section>\n\t\t\t\t\t\t\t<\/div>\n\t\t","protected":false},"excerpt":{"rendered":"<p>SALA HIGIEN\u00d3POLIS LOCAL: Higien\u00f3polis, S\u00e3o Paulo ANO: 2018 Sala minimalista localizada no bairro de Higien\u00f3polis, S\u00e3o Paulo, em pr\u00e9dio tombado<\/p>\n<p><a href=\"https:\/\/alloggiarquitetos.com.br\/index.php\/sala-higienopolis\/\" class=\"more-link\">Continue reading<span class=\"screen-reader-text\">SALA HIGIEN\u00d3POLIS<\/span><\/a><\/p>\n","protected":false},"author":1,"featured_media":0,"parent":0,"menu_order":0,"comment_status":"closed","ping_status":"closed","template":"elementor_header_footer","meta":[],"_links":{"self":[{"href":"https:\/\/alloggiarquitetos.com.br\/index.php\/wp-json\/wp\/v2\/pages\/1625"}],"collection":[{"href":"https:\/\/alloggiarquitetos.com.br\/index.php\/wp-json\/wp\/v2\/pages"}],"about":[{"href":"https:\/\/alloggiarquitetos.com.br\/index.php\/wp-json\/wp\/v2\/types\/page"}],"author":[{"embeddable":true,"href":"https:\/\/alloggiarquitetos.com.br\/index.php\/wp-json\/wp\/v2\/users\/1"}],"replies":[{"embeddable":true,"href":"https:\/\/alloggiarquitetos.com.br\/index.php\/wp-json\/wp\/v2\/comments?post=1625"}],"version-history":[{"count":11,"href":"https:\/\/alloggiarquitetos.com.br\/index.php\/wp-json\/wp\/v2\/pages\/1625\/revisions"}],"predecessor-version":[{"id":1708,"href":"https:\/\/alloggiarquitetos.com.br\/index.php\/wp-json\/wp\/v2\/pages\/1625\/revisions\/1708"}],"wp:attachment":[{"href":"https:\/\/alloggiarquitetos.com.br\/index.php\/wp-json\/wp\/v2\/media?parent=1625"}],"curies":[{"name":"wp","href":"https:\/\/api.w.org\/{rel}","templated":true}]}}