{"id":1174,"date":"2022-03-29T19:58:24","date_gmt":"2022-03-29T22:58:24","guid":{"rendered":"http:\/\/alloggiarquitetos.com.br\/?page_id=1174"},"modified":"2022-04-07T18:09:18","modified_gmt":"2022-04-07T21:09:18","slug":"vila-mariana","status":"publish","type":"page","link":"https:\/\/alloggiarquitetos.com.br\/index.php\/vila-mariana\/","title":{"rendered":"VILA MARIANA"},"content":{"rendered":"\t\t<div data-elementor-type=\"wp-page\" data-elementor-id=\"1174\" class=\"elementor elementor-1174\">\n\t\t\t\t\t\t\t\t\t<section class=\"elementor-section elementor-top-section elementor-element elementor-element-4f86bb1 elementor-section-full_width elementor-section-height-default elementor-section-height-default\" data-id=\"4f86bb1\" data-element_type=\"section\">\n\t\t\t\t\t\t<div class=\"elementor-container elementor-column-gap-default\">\n\t\t\t\t\t<div class=\"elementor-column elementor-col-33 elementor-top-column elementor-element elementor-element-3345892\" data-id=\"3345892\" data-element_type=\"column\">\n\t\t\t<div class=\"elementor-widget-wrap elementor-element-populated\">\n\t\t\t\t\t\t\t\t<div class=\"elementor-element elementor-element-1c4880c elementor-widget elementor-widget-heading\" data-id=\"1c4880c\" data-element_type=\"widget\" data-widget_type=\"heading.default\">\n\t\t\t\t<div class=\"elementor-widget-container\">\n\t\t\t<h2 class=\"elementor-heading-title elementor-size-default\">AP VILA MARIANA<\/h2>\t\t<\/div>\n\t\t\t\t<\/div>\n\t\t\t\t<div class=\"elementor-element elementor-element-03d0e05 elementor-widget elementor-widget-text-editor\" data-id=\"03d0e05\" data-element_type=\"widget\" data-widget_type=\"text-editor.default\">\n\t\t\t\t<div class=\"elementor-widget-container\">\n\t\t\t\t\t\t\t<p><strong>LOCAL:<\/strong>&nbsp;Vila Mariana, S\u00e3o Paulo<\/p>\n<p><strong>ANO:<\/strong> 2021<\/p>\n<p>O principal pedido do propriet\u00e1rio deste apartamento localizado em S\u00e3o Paulo, foi de um lugar para receber amigos e jogar bilhar. Integramos os espa\u00e7os para acolher todas \u00e0s necessidades que inclu\u00edram tamb\u00e9m uma cozinha aberta para suas experi\u00eancias gastron\u00f4micas. O tom foi dado pelo estilo industrial presente em todo o projeto.<br><\/p>\t\t\t\t\t\t<\/div>\n\t\t\t\t<\/div>\n\t\t\t\t\t<\/div>\n\t\t<\/div>\n\t\t\t\t<div class=\"elementor-column elementor-col-66 elementor-top-column elementor-element elementor-element-685414e\" data-id=\"685414e\" data-element_type=\"column\">\n\t\t\t<div class=\"elementor-widget-wrap elementor-element-populated\">\n\t\t\t\t\t\t\t\t<div class=\"elementor-element elementor-element-44bf3ba elementor-pagination-position-inside elementor-arrows-position-inside elementor-widget elementor-widget-image-carousel\" data-id=\"44bf3ba\" data-element_type=\"widget\" data-settings=\"{&quot;slides_to_show&quot;:&quot;1&quot;,&quot;navigation&quot;:&quot;both&quot;,&quot;autoplay&quot;:&quot;yes&quot;,&quot;pause_on_hover&quot;:&quot;yes&quot;,&quot;pause_on_interaction&quot;:&quot;yes&quot;,&quot;autoplay_speed&quot;:5000,&quot;infinite&quot;:&quot;yes&quot;,&quot;effect&quot;:&quot;slide&quot;,&quot;speed&quot;:500}\" data-widget_type=\"image-carousel.default\">\n\t\t\t\t<div class=\"elementor-widget-container\">\n\t\t\t\t\t<div class=\"elementor-image-carousel-wrapper swiper-container\" dir=\"ltr\">\n\t\t\t<div class=\"elementor-image-carousel swiper-wrapper\">\n\t\t\t\t\t\t\t\t<div class=\"swiper-slide\"><figure class=\"swiper-slide-inner\"><img class=\"swiper-slide-image\" src=\"https:\/\/alloggiarquitetos.com.br\/wp-content\/uploads\/2022\/04\/1_AP_VILA_MARIANA.jpg\" alt=\"1_AP_VILA_MARIANA\" \/><\/figure><\/div><div class=\"swiper-slide\"><figure class=\"swiper-slide-inner\"><img class=\"swiper-slide-image\" src=\"https:\/\/alloggiarquitetos.com.br\/wp-content\/uploads\/2022\/04\/2_AP_VILA_MARIANA.jpg\" alt=\"2_AP_VILA_MARIANA\" \/><\/figure><\/div>\t\t\t<\/div>\n\t\t\t\t\t\t\t\t\t\t\t\t<div class=\"swiper-pagination\"><\/div>\n\t\t\t\t\t\t\t\t\t\t\t\t\t<div class=\"elementor-swiper-button elementor-swiper-button-prev\">\n\t\t\t\t\t\t<i aria-hidden=\"true\" class=\"eicon-chevron-left\"><\/i>\t\t\t\t\t\t<span class=\"elementor-screen-only\">Previous<\/span>\n\t\t\t\t\t<\/div>\n\t\t\t\t\t<div class=\"elementor-swiper-button elementor-swiper-button-next\">\n\t\t\t\t\t\t<i aria-hidden=\"true\" class=\"eicon-chevron-right\"><\/i>\t\t\t\t\t\t<span class=\"elementor-screen-only\">Next<\/span>\n\t\t\t\t\t<\/div>\n\t\t\t\t\t\t\t\t\t<\/div>\n\t\t\t\t<\/div>\n\t\t\t\t<\/div>\n\t\t\t\t\t<\/div>\n\t\t<\/div>\n\t\t\t\t\t\t\t<\/div>\n\t\t<\/section>\n\t\t\t\t<section class=\"elementor-section elementor-top-section elementor-element elementor-element-25e43bd elementor-section-boxed elementor-section-height-default elementor-section-height-default\" data-id=\"25e43bd\" data-element_type=\"section\">\n\t\t\t\t\t\t<div class=\"elementor-container elementor-column-gap-default\">\n\t\t\t\t\t<div class=\"elementor-column elementor-col-100 elementor-top-column elementor-element elementor-element-d9b0796\" data-id=\"d9b0796\" data-element_type=\"column\">\n\t\t\t<div class=\"elementor-widget-wrap elementor-element-populated\">\n\t\t\t\t\t\t\t\t<div class=\"elementor-element elementor-element-ddb4ca4 elementor-widget elementor-widget-spacer\" data-id=\"ddb4ca4\" data-element_type=\"widget\" data-widget_type=\"spacer.default\">\n\t\t\t\t<div class=\"elementor-widget-container\">\n\t\t\t\t\t<div class=\"elementor-spacer\">\n\t\t\t<div class=\"elementor-spacer-inner\"><\/div>\n\t\t<\/div>\n\t\t\t\t<\/div>\n\t\t\t\t<\/div>\n\t\t\t\t\t<\/div>\n\t\t<\/div>\n\t\t\t\t\t\t\t<\/div>\n\t\t<\/section>\n\t\t\t\t\t\t\t<\/div>\n\t\t","protected":false},"excerpt":{"rendered":"<p>AP VILA MARIANA LOCAL:&nbsp;Vila Mariana, S\u00e3o Paulo ANO: 2021 O principal pedido do propriet\u00e1rio deste apartamento localizado em S\u00e3o Paulo,<\/p>\n<p><a href=\"https:\/\/alloggiarquitetos.com.br\/index.php\/vila-mariana\/\" class=\"more-link\">Continue reading<span class=\"screen-reader-text\">VILA MARIANA<\/span><\/a><\/p>\n","protected":false},"author":1,"featured_media":0,"parent":0,"menu_order":0,"comment_status":"closed","ping_status":"closed","template":"elementor_header_footer","meta":[],"_links":{"self":[{"href":"https:\/\/alloggiarquitetos.com.br\/index.php\/wp-json\/wp\/v2\/pages\/1174"}],"collection":[{"href":"https:\/\/alloggiarquitetos.com.br\/index.php\/wp-json\/wp\/v2\/pages"}],"about":[{"href":"https:\/\/alloggiarquitetos.com.br\/index.php\/wp-json\/wp\/v2\/types\/page"}],"author":[{"embeddable":true,"href":"https:\/\/alloggiarquitetos.com.br\/index.php\/wp-json\/wp\/v2\/users\/1"}],"replies":[{"embeddable":true,"href":"https:\/\/alloggiarquitetos.com.br\/index.php\/wp-json\/wp\/v2\/comments?post=1174"}],"version-history":[{"count":38,"href":"https:\/\/alloggiarquitetos.com.br\/index.php\/wp-json\/wp\/v2\/pages\/1174\/revisions"}],"predecessor-version":[{"id":1715,"href":"https:\/\/alloggiarquitetos.com.br\/index.php\/wp-json\/wp\/v2\/pages\/1174\/revisions\/1715"}],"wp:attachment":[{"href":"https:\/\/alloggiarquitetos.com.br\/index.php\/wp-json\/wp\/v2\/media?parent=1174"}],"curies":[{"name":"wp","href":"https:\/\/api.w.org\/{rel}","templated":true}]}}