{"id":1161,"date":"2022-03-29T19:48:59","date_gmt":"2022-03-29T22:48:59","guid":{"rendered":"http:\/\/alloggiarquitetos.com.br\/?page_id=1161"},"modified":"2022-04-07T18:29:16","modified_gmt":"2022-04-07T21:29:16","slug":"acessibilidade-em-moema","status":"publish","type":"page","link":"https:\/\/alloggiarquitetos.com.br\/index.php\/acessibilidade-em-moema\/","title":{"rendered":"ACESSIBILIDADE EM MOEMA"},"content":{"rendered":"\t\t<div data-elementor-type=\"wp-page\" data-elementor-id=\"1161\" class=\"elementor elementor-1161\">\n\t\t\t\t\t\t\t\t\t<section class=\"elementor-section elementor-top-section elementor-element elementor-element-820477d elementor-section-full_width elementor-section-height-default elementor-section-height-default\" data-id=\"820477d\" data-element_type=\"section\">\n\t\t\t\t\t\t<div class=\"elementor-container elementor-column-gap-default\">\n\t\t\t\t\t<div class=\"elementor-column elementor-col-33 elementor-top-column elementor-element elementor-element-5444596\" data-id=\"5444596\" data-element_type=\"column\">\n\t\t\t<div class=\"elementor-widget-wrap elementor-element-populated\">\n\t\t\t\t\t\t\t\t<div class=\"elementor-element elementor-element-4f9c6b3 elementor-widget elementor-widget-heading\" data-id=\"4f9c6b3\" data-element_type=\"widget\" data-widget_type=\"heading.default\">\n\t\t\t\t<div class=\"elementor-widget-container\">\n\t\t\t<h2 class=\"elementor-heading-title elementor-size-default\">AP JURUPIS<\/h2>\t\t<\/div>\n\t\t\t\t<\/div>\n\t\t\t\t<div class=\"elementor-element elementor-element-de51198 elementor-widget elementor-widget-text-editor\" data-id=\"de51198\" data-element_type=\"widget\" data-widget_type=\"text-editor.default\">\n\t\t\t\t<div class=\"elementor-widget-container\">\n\t\t\t\t\t\t\t<p><strong>LOCAL:<\/strong> Moema, S\u00e3o Paulo<\/p>\n<p><strong>ANO:<\/strong> 2021<\/p>\n<p>O objetivo principal da reforma deste apartamento, era garantir acessibilidade aos propriet\u00e1rios, por se tratar de um casal idoso com necessidade de mobilidade. O projeto acabou contemplando o apartamento inteiro, com eleva\u00e7\u00e3o de piso e outras demandas exigidas na norma de acessibilidade. Mesmo assim, n\u00e3o abrimos m\u00e3o da eleg\u00e2ncia e conforto com espa\u00e7os interligados. A grande estrela do projeto \u00e9 o painel de madeira que separa a sala dos demais ambientes, podendo ficar totalmente aberta e integrar sala\/ cozinha\/ lavabo, ou totalmente fechada, garantindo a privacidade dos moradores.<\/p>\t\t\t\t\t\t<\/div>\n\t\t\t\t<\/div>\n\t\t\t\t\t<\/div>\n\t\t<\/div>\n\t\t\t\t<div class=\"elementor-column elementor-col-66 elementor-top-column elementor-element elementor-element-47868ba\" data-id=\"47868ba\" data-element_type=\"column\">\n\t\t\t<div class=\"elementor-widget-wrap elementor-element-populated\">\n\t\t\t\t\t\t\t\t<div class=\"elementor-element elementor-element-6e9daab elementor-pagination-position-inside elementor-arrows-position-inside elementor-widget elementor-widget-image-carousel\" data-id=\"6e9daab\" data-element_type=\"widget\" data-settings=\"{&quot;slides_to_show&quot;:&quot;1&quot;,&quot;navigation&quot;:&quot;both&quot;,&quot;autoplay&quot;:&quot;yes&quot;,&quot;pause_on_hover&quot;:&quot;yes&quot;,&quot;pause_on_interaction&quot;:&quot;yes&quot;,&quot;autoplay_speed&quot;:5000,&quot;infinite&quot;:&quot;yes&quot;,&quot;effect&quot;:&quot;slide&quot;,&quot;speed&quot;:500}\" data-widget_type=\"image-carousel.default\">\n\t\t\t\t<div class=\"elementor-widget-container\">\n\t\t\t\t\t<div class=\"elementor-image-carousel-wrapper swiper-container\" dir=\"ltr\">\n\t\t\t<div class=\"elementor-image-carousel swiper-wrapper\">\n\t\t\t\t\t\t\t\t<div class=\"swiper-slide\"><figure class=\"swiper-slide-inner\"><img class=\"swiper-slide-image\" src=\"https:\/\/alloggiarquitetos.com.br\/wp-content\/uploads\/2022\/04\/2_ACESSIBILIDADE_MOEMA.jpg\" alt=\"2_ACESSIBILIDADE_MOEMA\" \/><\/figure><\/div><div class=\"swiper-slide\"><figure class=\"swiper-slide-inner\"><img class=\"swiper-slide-image\" src=\"https:\/\/alloggiarquitetos.com.br\/wp-content\/uploads\/2022\/04\/1_ACESSIBILIDADE_MOEMA.jpg\" alt=\"1_ACESSIBILIDADE_MOEMA\" \/><\/figure><\/div><div class=\"swiper-slide\"><figure class=\"swiper-slide-inner\"><img class=\"swiper-slide-image\" src=\"https:\/\/alloggiarquitetos.com.br\/wp-content\/uploads\/2022\/04\/3_ACESSIBILIDADE_MOEMA.jpg\" alt=\"3_ACESSIBILIDADE_MOEMA\" \/><\/figure><\/div>\t\t\t<\/div>\n\t\t\t\t\t\t\t\t\t\t\t\t<div class=\"swiper-pagination\"><\/div>\n\t\t\t\t\t\t\t\t\t\t\t\t\t<div class=\"elementor-swiper-button elementor-swiper-button-prev\">\n\t\t\t\t\t\t<i aria-hidden=\"true\" class=\"eicon-chevron-left\"><\/i>\t\t\t\t\t\t<span class=\"elementor-screen-only\">Previous<\/span>\n\t\t\t\t\t<\/div>\n\t\t\t\t\t<div class=\"elementor-swiper-button elementor-swiper-button-next\">\n\t\t\t\t\t\t<i aria-hidden=\"true\" class=\"eicon-chevron-right\"><\/i>\t\t\t\t\t\t<span class=\"elementor-screen-only\">Next<\/span>\n\t\t\t\t\t<\/div>\n\t\t\t\t\t\t\t\t\t<\/div>\n\t\t\t\t<\/div>\n\t\t\t\t<\/div>\n\t\t\t\t\t<\/div>\n\t\t<\/div>\n\t\t\t\t\t\t\t<\/div>\n\t\t<\/section>\n\t\t\t\t<section class=\"elementor-section elementor-top-section elementor-element elementor-element-70267b9 elementor-section-boxed elementor-section-height-default elementor-section-height-default\" data-id=\"70267b9\" data-element_type=\"section\">\n\t\t\t\t\t\t<div class=\"elementor-container elementor-column-gap-default\">\n\t\t\t\t\t<div class=\"elementor-column elementor-col-100 elementor-top-column elementor-element elementor-element-33a41bf\" data-id=\"33a41bf\" data-element_type=\"column\">\n\t\t\t<div class=\"elementor-widget-wrap elementor-element-populated\">\n\t\t\t\t\t\t\t\t<div class=\"elementor-element elementor-element-f7053ba elementor-widget elementor-widget-spacer\" data-id=\"f7053ba\" data-element_type=\"widget\" data-widget_type=\"spacer.default\">\n\t\t\t\t<div class=\"elementor-widget-container\">\n\t\t\t\t\t<div class=\"elementor-spacer\">\n\t\t\t<div class=\"elementor-spacer-inner\"><\/div>\n\t\t<\/div>\n\t\t\t\t<\/div>\n\t\t\t\t<\/div>\n\t\t\t\t\t<\/div>\n\t\t<\/div>\n\t\t\t\t\t\t\t<\/div>\n\t\t<\/section>\n\t\t\t\t\t\t\t<\/div>\n\t\t","protected":false},"excerpt":{"rendered":"<p>AP JURUPIS LOCAL: Moema, S\u00e3o Paulo ANO: 2021 O objetivo principal da reforma deste apartamento, era garantir acessibilidade aos propriet\u00e1rios,<\/p>\n<p><a href=\"https:\/\/alloggiarquitetos.com.br\/index.php\/acessibilidade-em-moema\/\" class=\"more-link\">Continue reading<span class=\"screen-reader-text\">ACESSIBILIDADE EM MOEMA<\/span><\/a><\/p>\n","protected":false},"author":1,"featured_media":0,"parent":0,"menu_order":0,"comment_status":"closed","ping_status":"closed","template":"elementor_header_footer","meta":[],"_links":{"self":[{"href":"https:\/\/alloggiarquitetos.com.br\/index.php\/wp-json\/wp\/v2\/pages\/1161"}],"collection":[{"href":"https:\/\/alloggiarquitetos.com.br\/index.php\/wp-json\/wp\/v2\/pages"}],"about":[{"href":"https:\/\/alloggiarquitetos.com.br\/index.php\/wp-json\/wp\/v2\/types\/page"}],"author":[{"embeddable":true,"href":"https:\/\/alloggiarquitetos.com.br\/index.php\/wp-json\/wp\/v2\/users\/1"}],"replies":[{"embeddable":true,"href":"https:\/\/alloggiarquitetos.com.br\/index.php\/wp-json\/wp\/v2\/comments?post=1161"}],"version-history":[{"count":40,"href":"https:\/\/alloggiarquitetos.com.br\/index.php\/wp-json\/wp\/v2\/pages\/1161\/revisions"}],"predecessor-version":[{"id":1727,"href":"https:\/\/alloggiarquitetos.com.br\/index.php\/wp-json\/wp\/v2\/pages\/1161\/revisions\/1727"}],"wp:attachment":[{"href":"https:\/\/alloggiarquitetos.com.br\/index.php\/wp-json\/wp\/v2\/media?parent=1161"}],"curies":[{"name":"wp","href":"https:\/\/api.w.org\/{rel}","templated":true}]}}