{"id":1078,"date":"2022-03-29T18:16:36","date_gmt":"2022-03-29T21:16:36","guid":{"rendered":"http:\/\/alloggiarquitetos.com.br\/?page_id=1078"},"modified":"2022-04-07T18:18:47","modified_gmt":"2022-04-07T21:18:47","slug":"ap-gaivota","status":"publish","type":"page","link":"https:\/\/alloggiarquitetos.com.br\/index.php\/ap-gaivota\/","title":{"rendered":"SALA ROSSET"},"content":{"rendered":"\t\t<div data-elementor-type=\"wp-page\" data-elementor-id=\"1078\" class=\"elementor elementor-1078\">\n\t\t\t\t\t\t\t\t\t<section class=\"elementor-section elementor-top-section elementor-element elementor-element-fb3e618 elementor-section-full_width elementor-section-height-default elementor-section-height-default\" data-id=\"fb3e618\" data-element_type=\"section\">\n\t\t\t\t\t\t<div class=\"elementor-container elementor-column-gap-default\">\n\t\t\t\t\t<div class=\"elementor-column elementor-col-33 elementor-top-column elementor-element elementor-element-7d4018f\" data-id=\"7d4018f\" data-element_type=\"column\">\n\t\t\t<div class=\"elementor-widget-wrap elementor-element-populated\">\n\t\t\t\t\t\t\t\t<div class=\"elementor-element elementor-element-9bc8b97 elementor-widget elementor-widget-heading\" data-id=\"9bc8b97\" data-element_type=\"widget\" data-widget_type=\"heading.default\">\n\t\t\t\t<div class=\"elementor-widget-container\">\n\t\t\t<h2 class=\"elementor-heading-title elementor-size-default\">AP GAIVOTA<\/h2>\t\t<\/div>\n\t\t\t\t<\/div>\n\t\t\t\t<div class=\"elementor-element elementor-element-daf1252 elementor-widget elementor-widget-text-editor\" data-id=\"daf1252\" data-element_type=\"widget\" data-widget_type=\"text-editor.default\">\n\t\t\t\t<div class=\"elementor-widget-container\">\n\t\t\t\t\t\t\t<p><strong>LOCAL:<\/strong> Moema, S\u00e3o Paulo<\/p><p><strong>ANO:<\/strong> 2021<\/p><p>Apartamento localizado no bairro de Moema, passou por uma moderniza\u00e7\u00e3o de design, que incluiu a su\u00edte master e a cozinha. Na su\u00edte optamos\u00a0 por um layout que trouxesse aconchego, com a utiliza\u00e7\u00e3o de madeira e luz indireta e eleg\u00e2ncia e contemporaneidade, atrav\u00e9s das cores s\u00f3brias.<\/p><p>A cozinha, com uma bel\u00edssima vista do Parque do Ibiraquera, optamos pelo branco cristal, preferido dos propriet\u00e1rios, por\u00e9m o toque de cor foi dado nas paredes amarelas . Nosso partido nesse projeto, foi setorizar as \u00e1reas de trabalho.<\/p>\t\t\t\t\t\t<\/div>\n\t\t\t\t<\/div>\n\t\t\t\t\t<\/div>\n\t\t<\/div>\n\t\t\t\t<div class=\"elementor-column elementor-col-66 elementor-top-column elementor-element elementor-element-b16be86\" data-id=\"b16be86\" data-element_type=\"column\">\n\t\t\t<div class=\"elementor-widget-wrap elementor-element-populated\">\n\t\t\t\t\t\t\t\t<div class=\"elementor-element elementor-element-0b78019 elementor-pagination-position-inside elementor-arrows-position-inside elementor-widget elementor-widget-image-carousel\" data-id=\"0b78019\" data-element_type=\"widget\" data-settings=\"{&quot;slides_to_show&quot;:&quot;1&quot;,&quot;_animation&quot;:&quot;none&quot;,&quot;navigation&quot;:&quot;both&quot;,&quot;autoplay&quot;:&quot;yes&quot;,&quot;pause_on_hover&quot;:&quot;yes&quot;,&quot;pause_on_interaction&quot;:&quot;yes&quot;,&quot;autoplay_speed&quot;:5000,&quot;infinite&quot;:&quot;yes&quot;,&quot;effect&quot;:&quot;slide&quot;,&quot;speed&quot;:500}\" data-widget_type=\"image-carousel.default\">\n\t\t\t\t<div class=\"elementor-widget-container\">\n\t\t\t\t\t<div class=\"elementor-image-carousel-wrapper swiper-container\" dir=\"ltr\">\n\t\t\t<div class=\"elementor-image-carousel swiper-wrapper\">\n\t\t\t\t\t\t\t\t<div class=\"swiper-slide\"><figure class=\"swiper-slide-inner\"><img class=\"swiper-slide-image\" src=\"https:\/\/alloggiarquitetos.com.br\/wp-content\/uploads\/2022\/04\/1_AP_GAIVOTA-1.jpg\" alt=\"1_AP_GAIVOTA\" \/><\/figure><\/div><div class=\"swiper-slide\"><figure class=\"swiper-slide-inner\"><img class=\"swiper-slide-image\" src=\"https:\/\/alloggiarquitetos.com.br\/wp-content\/uploads\/2022\/04\/2_AP_GAIVOTA.jpg\" alt=\"2_AP_GAIVOTA\" \/><\/figure><\/div><div class=\"swiper-slide\"><figure class=\"swiper-slide-inner\"><img class=\"swiper-slide-image\" src=\"https:\/\/alloggiarquitetos.com.br\/wp-content\/uploads\/2022\/04\/3_AP_GAIVOTA-1.jpg\" alt=\"3_AP_GAIVOTA\" \/><\/figure><\/div><div class=\"swiper-slide\"><figure class=\"swiper-slide-inner\"><img class=\"swiper-slide-image\" src=\"https:\/\/alloggiarquitetos.com.br\/wp-content\/uploads\/2022\/04\/4_AP_GAIVOTA-1.jpg\" alt=\"4_AP_GAIVOTA\" \/><\/figure><\/div>\t\t\t<\/div>\n\t\t\t\t\t\t\t\t\t\t\t\t<div class=\"swiper-pagination\"><\/div>\n\t\t\t\t\t\t\t\t\t\t\t\t\t<div class=\"elementor-swiper-button elementor-swiper-button-prev\">\n\t\t\t\t\t\t<i aria-hidden=\"true\" class=\"eicon-chevron-left\"><\/i>\t\t\t\t\t\t<span class=\"elementor-screen-only\">Previous<\/span>\n\t\t\t\t\t<\/div>\n\t\t\t\t\t<div class=\"elementor-swiper-button elementor-swiper-button-next\">\n\t\t\t\t\t\t<i aria-hidden=\"true\" class=\"eicon-chevron-right\"><\/i>\t\t\t\t\t\t<span class=\"elementor-screen-only\">Next<\/span>\n\t\t\t\t\t<\/div>\n\t\t\t\t\t\t\t\t\t<\/div>\n\t\t\t\t<\/div>\n\t\t\t\t<\/div>\n\t\t\t\t\t<\/div>\n\t\t<\/div>\n\t\t\t\t\t\t\t<\/div>\n\t\t<\/section>\n\t\t\t\t<section class=\"elementor-section elementor-top-section elementor-element elementor-element-7ec4d99 elementor-section-boxed elementor-section-height-default elementor-section-height-default\" data-id=\"7ec4d99\" data-element_type=\"section\">\n\t\t\t\t\t\t<div class=\"elementor-container elementor-column-gap-default\">\n\t\t\t\t\t<div class=\"elementor-column elementor-col-100 elementor-top-column elementor-element elementor-element-65760db\" data-id=\"65760db\" data-element_type=\"column\">\n\t\t\t<div class=\"elementor-widget-wrap elementor-element-populated\">\n\t\t\t\t\t\t\t\t<div class=\"elementor-element elementor-element-70e1be9 elementor-widget elementor-widget-spacer\" data-id=\"70e1be9\" data-element_type=\"widget\" data-widget_type=\"spacer.default\">\n\t\t\t\t<div class=\"elementor-widget-container\">\n\t\t\t\t\t<div class=\"elementor-spacer\">\n\t\t\t<div class=\"elementor-spacer-inner\"><\/div>\n\t\t<\/div>\n\t\t\t\t<\/div>\n\t\t\t\t<\/div>\n\t\t\t\t\t<\/div>\n\t\t<\/div>\n\t\t\t\t\t\t\t<\/div>\n\t\t<\/section>\n\t\t\t\t\t\t\t<\/div>\n\t\t","protected":false},"excerpt":{"rendered":"<p>AP GAIVOTA LOCAL: Moema, S\u00e3o Paulo ANO: 2021 Apartamento localizado no bairro de Moema, passou por uma moderniza\u00e7\u00e3o de design,<\/p>\n<p><a href=\"https:\/\/alloggiarquitetos.com.br\/index.php\/ap-gaivota\/\" class=\"more-link\">Continue reading<span class=\"screen-reader-text\">SALA ROSSET<\/span><\/a><\/p>\n","protected":false},"author":1,"featured_media":0,"parent":0,"menu_order":0,"comment_status":"closed","ping_status":"closed","template":"elementor_header_footer","meta":[],"_links":{"self":[{"href":"https:\/\/alloggiarquitetos.com.br\/index.php\/wp-json\/wp\/v2\/pages\/1078"}],"collection":[{"href":"https:\/\/alloggiarquitetos.com.br\/index.php\/wp-json\/wp\/v2\/pages"}],"about":[{"href":"https:\/\/alloggiarquitetos.com.br\/index.php\/wp-json\/wp\/v2\/types\/page"}],"author":[{"embeddable":true,"href":"https:\/\/alloggiarquitetos.com.br\/index.php\/wp-json\/wp\/v2\/users\/1"}],"replies":[{"embeddable":true,"href":"https:\/\/alloggiarquitetos.com.br\/index.php\/wp-json\/wp\/v2\/comments?post=1078"}],"version-history":[{"count":67,"href":"https:\/\/alloggiarquitetos.com.br\/index.php\/wp-json\/wp\/v2\/pages\/1078\/revisions"}],"predecessor-version":[{"id":1724,"href":"https:\/\/alloggiarquitetos.com.br\/index.php\/wp-json\/wp\/v2\/pages\/1078\/revisions\/1724"}],"wp:attachment":[{"href":"https:\/\/alloggiarquitetos.com.br\/index.php\/wp-json\/wp\/v2\/media?parent=1078"}],"curies":[{"name":"wp","href":"https:\/\/api.w.org\/{rel}","templated":true}]}}