{"id":1024,"date":"2022-03-29T12:58:56","date_gmt":"2022-03-29T15:58:56","guid":{"rendered":"http:\/\/alloggiarquitetos.com.br\/?page_id=1024"},"modified":"2022-04-07T15:01:11","modified_gmt":"2022-04-07T18:01:11","slug":"servicos-3","status":"publish","type":"page","link":"https:\/\/alloggiarquitetos.com.br\/index.php\/servicos-3\/","title":{"rendered":"SERVI\u00c7OS"},"content":{"rendered":"\t\t<div data-elementor-type=\"wp-page\" data-elementor-id=\"1024\" class=\"elementor elementor-1024\">\n\t\t\t\t\t\t\t\t\t<section class=\"elementor-section elementor-top-section elementor-element elementor-element-bc74f0d elementor-section-full_width elementor-section-height-default elementor-section-height-default\" data-id=\"bc74f0d\" data-element_type=\"section\">\n\t\t\t\t\t\t<div class=\"elementor-container elementor-column-gap-default\">\n\t\t\t\t\t<div class=\"elementor-column elementor-col-100 elementor-top-column elementor-element elementor-element-c54bd5d\" data-id=\"c54bd5d\" data-element_type=\"column\">\n\t\t\t<div class=\"elementor-widget-wrap elementor-element-populated\">\n\t\t\t\t\t\t\t\t<div class=\"elementor-element elementor-element-836db99 elementor-widget elementor-widget-heading\" data-id=\"836db99\" data-element_type=\"widget\" data-widget_type=\"heading.default\">\n\t\t\t\t<div class=\"elementor-widget-container\">\n\t\t\t<h3 class=\"elementor-heading-title elementor-size-default\">SERVI\u00c7OS<\/h3>\t\t<\/div>\n\t\t\t\t<\/div>\n\t\t\t\t\t<\/div>\n\t\t<\/div>\n\t\t\t\t\t\t\t<\/div>\n\t\t<\/section>\n\t\t\t\t<section class=\"elementor-section elementor-top-section elementor-element elementor-element-5044bca elementor-section-full_width elementor-section-height-default elementor-section-height-default\" data-id=\"5044bca\" data-element_type=\"section\">\n\t\t\t\t\t\t<div class=\"elementor-container elementor-column-gap-default\">\n\t\t\t\t\t<div class=\"elementor-column elementor-col-33 elementor-top-column elementor-element elementor-element-429cfda\" data-id=\"429cfda\" data-element_type=\"column\">\n\t\t\t<div class=\"elementor-widget-wrap elementor-element-populated\">\n\t\t\t\t\t\t\t\t<div class=\"elementor-element elementor-element-8c62a13 elementor-position-top elementor-vertical-align-top elementor-widget elementor-widget-image-box\" data-id=\"8c62a13\" data-element_type=\"widget\" data-widget_type=\"image-box.default\">\n\t\t\t\t<div class=\"elementor-widget-container\">\n\t\t\t<div class=\"elementor-image-box-wrapper\"><figure class=\"elementor-image-box-img\"><img width=\"1080\" height=\"675\" src=\"https:\/\/alloggiarquitetos.com.br\/wp-content\/uploads\/2022\/03\/projetos.jpg\" class=\"attachment-full size-full\" alt=\"\" loading=\"lazy\" \/><\/figure><div class=\"elementor-image-box-content\"><h4 class=\"elementor-image-box-title\">01.<br>| Projetos resid\u00eanciais<\/h4><p class=\"elementor-image-box-description\"><span style=\"text-align: start; white-space: normal;\">Acompanhamos o cliente em todas as fases de projeto. Primeiras reuni\u00f5es, an\u00e1lise de documentos, vistorias com drone, op\u00e7\u00f5es de projeto, prefeitura, projeto executivo e mais.<\/span><\/p><\/div><\/div>\t\t<\/div>\n\t\t\t\t<\/div>\n\t\t\t\t\t<\/div>\n\t\t<\/div>\n\t\t\t\t<div class=\"elementor-column elementor-col-33 elementor-top-column elementor-element elementor-element-a77706d\" data-id=\"a77706d\" data-element_type=\"column\">\n\t\t\t<div class=\"elementor-widget-wrap elementor-element-populated\">\n\t\t\t\t\t\t\t\t<div class=\"elementor-element elementor-element-e5ca559 elementor-position-top elementor-vertical-align-top elementor-widget elementor-widget-image-box\" data-id=\"e5ca559\" data-element_type=\"widget\" data-widget_type=\"image-box.default\">\n\t\t\t\t<div class=\"elementor-widget-container\">\n\t\t\t<div class=\"elementor-image-box-wrapper\"><figure class=\"elementor-image-box-img\"><img width=\"1080\" height=\"675\" src=\"https:\/\/alloggiarquitetos.com.br\/wp-content\/uploads\/2022\/03\/interiores.jpg\" class=\"attachment-full size-full\" alt=\"\" loading=\"lazy\" \/><\/figure><div class=\"elementor-image-box-content\"><h4 class=\"elementor-image-box-title\">02.<br>| Interiores<\/h4><p class=\"elementor-image-box-description\"><span style=\"text-align: start; white-space: normal;\">Desenvolvemos projetos de interiores para reformas ou apartamentos rec\u00e9m entregues. Contamos com designer de interiores com mais de 20 anos de experi\u00eancia.<\/span><\/p><\/div><\/div>\t\t<\/div>\n\t\t\t\t<\/div>\n\t\t\t\t\t<\/div>\n\t\t<\/div>\n\t\t\t\t<div class=\"elementor-column elementor-col-33 elementor-top-column elementor-element elementor-element-4385e80\" data-id=\"4385e80\" data-element_type=\"column\">\n\t\t\t<div class=\"elementor-widget-wrap elementor-element-populated\">\n\t\t\t\t\t\t\t\t<div class=\"elementor-element elementor-element-94fbc46 elementor-position-top elementor-vertical-align-top elementor-widget elementor-widget-image-box\" data-id=\"94fbc46\" data-element_type=\"widget\" data-widget_type=\"image-box.default\">\n\t\t\t\t<div class=\"elementor-widget-container\">\n\t\t\t<div class=\"elementor-image-box-wrapper\"><figure class=\"elementor-image-box-img\"><img width=\"1080\" height=\"675\" src=\"https:\/\/alloggiarquitetos.com.br\/wp-content\/uploads\/2022\/04\/restauro.jpg\" class=\"attachment-full size-full\" alt=\"\" loading=\"lazy\" \/><\/figure><div class=\"elementor-image-box-content\"><h4 class=\"elementor-image-box-title\">03.<br>| Restauro<\/h4><p class=\"elementor-image-box-description\"><span style=\"text-align: start; white-space: normal;\">Nosso time tamb\u00e9m conta com especialista em restauro patrimonial. Temos equipamentos adequados para realizar inspe\u00e7\u00f5es e avaliar a melhor op\u00e7\u00e3o de interven\u00e7\u00e3o.<\/span><\/p><\/div><\/div>\t\t<\/div>\n\t\t\t\t<\/div>\n\t\t\t\t\t<\/div>\n\t\t<\/div>\n\t\t\t\t\t\t\t<\/div>\n\t\t<\/section>\n\t\t\t\t\t\t\t<\/div>\n\t\t","protected":false},"excerpt":{"rendered":"<p>SERVI\u00c7OS 01.| Projetos resid\u00eanciais Acompanhamos o cliente em todas as fases de projeto. Primeiras reuni\u00f5es, an\u00e1lise de documentos, vistorias com<\/p>\n<p><a href=\"https:\/\/alloggiarquitetos.com.br\/index.php\/servicos-3\/\" class=\"more-link\">Continue reading<span class=\"screen-reader-text\">SERVI\u00c7OS<\/span><\/a><\/p>\n","protected":false},"author":1,"featured_media":0,"parent":0,"menu_order":0,"comment_status":"closed","ping_status":"closed","template":"elementor_header_footer","meta":[],"_links":{"self":[{"href":"https:\/\/alloggiarquitetos.com.br\/index.php\/wp-json\/wp\/v2\/pages\/1024"}],"collection":[{"href":"https:\/\/alloggiarquitetos.com.br\/index.php\/wp-json\/wp\/v2\/pages"}],"about":[{"href":"https:\/\/alloggiarquitetos.com.br\/index.php\/wp-json\/wp\/v2\/types\/page"}],"author":[{"embeddable":true,"href":"https:\/\/alloggiarquitetos.com.br\/index.php\/wp-json\/wp\/v2\/users\/1"}],"replies":[{"embeddable":true,"href":"https:\/\/alloggiarquitetos.com.br\/index.php\/wp-json\/wp\/v2\/comments?post=1024"}],"version-history":[{"count":24,"href":"https:\/\/alloggiarquitetos.com.br\/index.php\/wp-json\/wp\/v2\/pages\/1024\/revisions"}],"predecessor-version":[{"id":1543,"href":"https:\/\/alloggiarquitetos.com.br\/index.php\/wp-json\/wp\/v2\/pages\/1024\/revisions\/1543"}],"wp:attachment":[{"href":"https:\/\/alloggiarquitetos.com.br\/index.php\/wp-json\/wp\/v2\/media?parent=1024"}],"curies":[{"name":"wp","href":"https:\/\/api.w.org\/{rel}","templated":true}]}}